{"id":25,"date":"2020-10-11T10:32:07","date_gmt":"2020-10-11T08:32:07","guid":{"rendered":"http:\/\/bernard-dargols.com\/?page_id=25"},"modified":"2022-03-13T10:13:22","modified_gmt":"2022-03-13T09:13:22","slug":"25-2","status":"publish","type":"page","link":"https:\/\/bernard-dargols.com\/index.php\/25-2\/","title":{"rendered":"Le parcours de Bernard Dargols"},"content":{"rendered":"\n<h1 class=\"wp-block-heading\"><\/h1>\n\n\n\n<figure class=\"wp-block-image is-resized\"><img loading=\"lazy\" decoding=\"async\" src=\"http:\/\/bernard-dargols.com\/wp-content\/uploads\/2020\/10\/bastille-1024x693.jpg\" alt=\"\" class=\"wp-image-70\" width=\"1024\" height=\"693\" srcset=\"https:\/\/bernard-dargols.com\/wp-content\/uploads\/2020\/10\/bastille-1024x693.jpg 1024w, https:\/\/bernard-dargols.com\/wp-content\/uploads\/2020\/10\/bastille-300x203.jpg 300w, https:\/\/bernard-dargols.com\/wp-content\/uploads\/2020\/10\/bastille-768x520.jpg 768w, https:\/\/bernard-dargols.com\/wp-content\/uploads\/2020\/10\/bastille.jpg 1210w\" sizes=\"(max-width: 1024px) 100vw, 1024px\" \/><\/figure>\n\n\n\n<p><strong>mai 1920 :<\/strong>&nbsp;Naissance de Bernard Dargols \u00e0 Paris, d\u2019un p\u00e8re russe et d\u2019une m\u00e8re anglaise.<\/p>\n\n\n\n<p>Son p\u00e8re, Paul Dargols, ing\u00e9nieur en m\u00e9canique, importe du mat\u00e9riel am\u00e9ricain pour l\u2019industrie textile..<\/p>\n\n\n\n<p><strong>D\u00e9cembre 1938<\/strong>&nbsp;: A 18 ans, il part pour Les Etats Unis. Son p\u00e8re souhaitant qu\u2019il lui succ\u00e8de un jour lui organise un stage d\u2019un an \u00e0 Cincinnati, New Jersey et New York.<\/p>\n\n\n\n<p><strong>Mai 1940<\/strong>&nbsp;: Bernard Dargols est \u00e0 New-York lorsque la France d\u00e9clare la guerre \u00e0 l\u2019Allemagne. Il a 20 ans. Il passe son conseil de r\u00e9vision et s\u2019attend \u00e0 \u00eatre renvoy\u00e9 en France. Mais la France est vaincue quelques semaines plus tard. En octobre de la m\u00eame ann\u00e9e P\u00e9tain serre chaleureusement la main d\u2019Hitler \u00e0 Montoire . Bernard refuse alors l\u2019\u00e9ventualit\u00e9 d\u2019une int\u00e9gration dans l\u2019arm\u00e9e de Vichy, il se renseigne aupr\u00e8s du repr\u00e9sentant de de Gaulle \u00e0 New-York afin de rejoindre les Forces Fran\u00e7aises Libres, puis aupr\u00e8s du Consulat anglais. Tous lui conseillent d\u2019attendre d\u2019\u00eatre appel\u00e9. Les mois passent.<\/p>\n\n\n\n<p><strong>D\u00e9cembre 1941<\/strong>&nbsp;: les japonais bombardent la base navale am\u00e9ricaine de Pearl Harbour causant de nombreuses victimes. Les \u00c9tats Unis entrent en guerre contre les japonais et leurs alli\u00e9s allemands. C\u2019est alors que Bernard d\u00e9cide de s\u2019engager dans l\u2019arm\u00e9e Am\u00e9ricaine<\/p>\n\n\n\n<div class=\"wp-block-image\"><figure class=\"alignright\"><img decoding=\"async\" src=\"http:\/\/www.omaha1944.com\/wp-content\/uploads\/2014\/05\/BD-NORMANDIE-1944-14-640x480-228x300.jpg\" alt=\"BD-NORMANDIE-1944-14 [640x480]\" class=\"wp-image-340\"\/><\/figure><\/div>\n\n\n\n<p><strong><br>Fin 1942&nbsp;:<\/strong>&nbsp;Bernard Dargols re\u00e7oit sa convocation pour le camp d\u2019entra\u00eenement de Fort-Dix dans le New Jersey. Apr\u00e8s trois mois d\u2019entra\u00eenement de base, il est envoy\u00e9 dans le camp de Croft en Caroline du Sud. On lui propose &nbsp;de prendre la nationalit\u00e9 am\u00e9ricaine sans perdre la citoyennet\u00e9 fran\u00e7aise.<\/p>\n\n\n\n<p><strong>Avril 1943&nbsp;:<\/strong>&nbsp;il est affect\u00e9 au camp de Ritchie dans le Maryland. C\u2019est le seul camp des renseignements militaires. Il y apprend sa future mission qui sera d\u2019interroger des civils fran\u00e7ais pour obtenir et analyser les renseignements recueillis.<\/p>\n\n\n\n<p><strong>Mi- d\u00e9cembre 1943<\/strong>&nbsp;: sa division quitte les Etats-Unis pour rejoindre le Pays de Galles.<\/p>\n\n\n\n<div class=\"wp-block-image\"><figure class=\"aligncenter\"><img decoding=\"async\" src=\"http:\/\/www.omaha1944.com\/wp-content\/uploads\/2014\/05\/Photo_D2-640x480.jpg\" alt=\"Photo_D2 [640x480]\" class=\"wp-image-255\"\/><\/figure><\/div>\n\n\n\n<div class=\"wp-block-image\"><figure class=\"aligncenter\"><img decoding=\"async\" src=\"http:\/\/www.omaha1944.com\/wp-content\/uploads\/2014\/05\/Photo_D1-640x480.jpg\" alt=\"Photo_D1 [640x480]\" class=\"wp-image-254\"\/><\/figure><\/div>\n\n\n\n<div class=\"wp-block-image\"><figure class=\"alignright\"><a href=\"http:\/\/www.omaha1944.com\/wp-content\/uploads\/2014\/05\/BD-NORMANDIE-1944-20-640x480.jpg\"><img decoding=\"async\" src=\"http:\/\/www.omaha1944.com\/wp-content\/uploads\/2014\/05\/BD-NORMANDIE-1944-20-640x480-300x218.jpg\" alt=\"BD-NORMANDIE-1944-20 [640x480]\" class=\"wp-image-346\"\/><\/a><\/figure><\/div>\n\n\n\n<p><strong>Le 5 juin 1944<\/strong>&nbsp;: apr\u00e8s &nbsp;6 mois d\u2019entra\u00eenement intensif Bernard et son \u00e9quipe) embarquent \u00e0 Cardiff \u00e0 bord d\u2019un Liberty ship. Ils d\u00e9barquent 3 jours plus tard \u00e0 Omaha beach ( St. Laurent sur Mer) au sein de la 2e division d\u2019infanterie am\u00e9ricaine.<\/p>\n\n\n\n<p><strong>Bernard participe entre autres \u00e0 la lib\u00e9ration des villages de Tr\u00e9vi\u00e8res, Saint-Georges-d\u2019Elle, Cerisy-la-For\u00eat, B\u00e9rigny.<\/strong><\/p>\n\n\n\n<div class=\"wp-block-image\"><figure class=\"alignleft\"><img decoding=\"async\" src=\"http:\/\/www.omaha1944.com\/wp-content\/uploads\/2014\/05\/num%C3%A9risation0021-640x480-212x300.jpg\" alt=\"num\u00e9risation0021 [640x480]\" class=\"wp-image-389\"\/><\/figure><\/div>\n\n\n\n<p><strong>1<sup>er<\/sup>&nbsp;juillet 1944&nbsp;<\/strong>: une photo prise par le service photographique des arm\u00e9es para\u00eet \u00e0 la une de dizaines de journaux am\u00e9ricains. Le photographe avait demand\u00e9 \u00e0 Bernard de trouver une fermi\u00e8re tenant une palanque et de poser \u00e0 c\u00f4t\u00e9 d\u2019elle et d\u2019un autre GI pour t\u00e9moigner de la bonne-entente franco-am\u00e9ricaine.<\/p>\n\n\n\n<p><strong>Fin juillet 1944&nbsp;:<\/strong>&nbsp;Il quitte la Normandie pour la Bretagne et les Ardennes avant d\u2019occuper de nouvelles fonctions au sein du service de contre-espionnage de l\u2019arm\u00e9e am\u00e9ricaine : le Counter Intelligence Corps \u00e0 Paris puis \u00e0 Ch\u00e2lons-sur-Marne (aujourd\u2019hui Ch\u00e2lons-en-Champagne).<\/p>\n\n\n\n<div class=\"wp-block-image\"><figure class=\"alignright\"><a href=\"http:\/\/www.omaha1944.com\/wp-content\/uploads\/2014\/05\/BD-4-NEWYORK-1945-2-640x480-2.jpg\"><img decoding=\"async\" src=\"http:\/\/www.omaha1944.com\/wp-content\/uploads\/2014\/05\/BD-4-NEWYORK-1945-2-640x480-2-300x216.jpg\" alt=\"BD-4-NEWYORK-1945-2 [640x480] (2)\" class=\"wp-image-266\"\/><\/a><\/figure><\/div>\n\n\n\n<p><strong>Janvier 1946&nbsp;:<\/strong>&nbsp;Bernard Dargols rentre aux Etats-Unis o\u00f9 il sera d\u00e9mobilis\u00e9. De retour \u00e0 New York, Bernard se marie avec Fran\u00e7oise, une jeune fran\u00e7aise. Ils s\u2019installent en France. La vie reprend son cours.<\/p>\n\n\n\n<p><strong>Jusqu&#8217;\u00e0 l&#8217;aube de ses 99 ans, Bernard Dargols avait conserv\u00e9 les valeurs que lui ont transmises ses parents et certains de ses professeurs. Il a t\u00e9moign\u00e9 inlassablement aupr\u00e8s des jeunes g\u00e9n\u00e9rations en insistant sur le fait de rester vigilant\u00a0pour\u00a0prot\u00e9ger\u00a0la\u00a0d\u00e9mocratie.<\/strong><\/p>\n\n\n\n<div class=\"wp-block-image\"><figure class=\"aligncenter\"><img decoding=\"async\" src=\"http:\/\/www.omaha1944.com\/wp-content\/uploads\/2014\/05\/ruebd-021.jpg\" alt=\"ruebd-021\" class=\"wp-image-248\"\/><\/figure><\/div>\n","protected":false},"excerpt":{"rendered":"<p class=\"excerpt\">mai 1920 :&nbsp;Naissance de Bernard Dargols \u00e0 Paris, d\u2019un p\u00e8re russe et d\u2019une m\u00e8re anglaise. Son p\u00e8re, Paul Dargols, ing\u00e9nieur en m\u00e9canique, importe du mat\u00e9riel am\u00e9ricain pour l\u2019industrie textile.. D\u00e9cembre 1938&nbsp;: A 18 ans, il part pour Les Etats Unis. Son p\u00e8re souhaitant qu\u2019il lui succ\u00e8de un jour lui organise un stage d\u2019un an \u00e0 Cincinnati, New Jersey et New&hellip;<\/p>\n<p class=\"more-link-p\"><a class=\"btn btn-default\" href=\"https:\/\/bernard-dargols.com\/index.php\/25-2\/\">Read more<\/a><\/p>\n","protected":false},"author":1,"featured_media":0,"parent":0,"menu_order":0,"comment_status":"closed","ping_status":"closed","template":"","meta":{"footnotes":""},"_links":{"self":[{"href":"https:\/\/bernard-dargols.com\/index.php\/wp-json\/wp\/v2\/pages\/25"}],"collection":[{"href":"https:\/\/bernard-dargols.com\/index.php\/wp-json\/wp\/v2\/pages"}],"about":[{"href":"https:\/\/bernard-dargols.com\/index.php\/wp-json\/wp\/v2\/types\/page"}],"author":[{"embeddable":true,"href":"https:\/\/bernard-dargols.com\/index.php\/wp-json\/wp\/v2\/users\/1"}],"replies":[{"embeddable":true,"href":"https:\/\/bernard-dargols.com\/index.php\/wp-json\/wp\/v2\/comments?post=25"}],"version-history":[{"count":4,"href":"https:\/\/bernard-dargols.com\/index.php\/wp-json\/wp\/v2\/pages\/25\/revisions"}],"predecessor-version":[{"id":130,"href":"https:\/\/bernard-dargols.com\/index.php\/wp-json\/wp\/v2\/pages\/25\/revisions\/130"}],"wp:attachment":[{"href":"https:\/\/bernard-dargols.com\/index.php\/wp-json\/wp\/v2\/media?parent=25"}],"curies":[{"name":"wp","href":"https:\/\/api.w.org\/{rel}","templated":true}]}}