{"id":33,"date":"2020-10-11T10:39:47","date_gmt":"2020-10-11T08:39:47","guid":{"rendered":"http:\/\/bernard-dargols.com\/?page_id=33"},"modified":"2024-05-28T23:05:43","modified_gmt":"2024-05-28T21:05:43","slug":"rencontres-signatures","status":"publish","type":"page","link":"https:\/\/bernard-dargols.com\/index.php\/rencontres-signatures\/","title":{"rendered":"Rencontres \/ signatures"},"content":{"rendered":"\n<figure class=\"wp-block-image\"><img loading=\"lazy\" decoding=\"async\" width=\"1024\" height=\"383\" src=\"https:\/\/bernard-dargols.com\/wp-content\/uploads\/2024\/05\/Capture-d\u2019e\u0301cran-2024-05-28-a\u0300-22.55.42-1024x383.png\" alt=\"\" class=\"wp-image-266\" srcset=\"https:\/\/bernard-dargols.com\/wp-content\/uploads\/2024\/05\/Capture-d\u2019e\u0301cran-2024-05-28-a\u0300-22.55.42-1024x383.png 1024w, https:\/\/bernard-dargols.com\/wp-content\/uploads\/2024\/05\/Capture-d\u2019e\u0301cran-2024-05-28-a\u0300-22.55.42-300x112.png 300w, https:\/\/bernard-dargols.com\/wp-content\/uploads\/2024\/05\/Capture-d\u2019e\u0301cran-2024-05-28-a\u0300-22.55.42-768x288.png 768w, https:\/\/bernard-dargols.com\/wp-content\/uploads\/2024\/05\/Capture-d\u2019e\u0301cran-2024-05-28-a\u0300-22.55.42.png 1346w\" sizes=\"(max-width: 1024px) 100vw, 1024px\" \/><\/figure>\n\n\n\n<h4 class=\"wp-block-heading\">Signature &#8211; 7 juin 2024 <\/h4>\n\n\n\n<figure class=\"wp-block-image\"><img loading=\"lazy\" decoding=\"async\" width=\"1024\" height=\"536\" src=\"https:\/\/bernard-dargols.com\/wp-content\/uploads\/2024\/05\/MUSEEDDAY-OMAHA-1024x536.png\" alt=\"\" class=\"wp-image-271\" srcset=\"https:\/\/bernard-dargols.com\/wp-content\/uploads\/2024\/05\/MUSEEDDAY-OMAHA-1024x536.png 1024w, https:\/\/bernard-dargols.com\/wp-content\/uploads\/2024\/05\/MUSEEDDAY-OMAHA-300x157.png 300w, https:\/\/bernard-dargols.com\/wp-content\/uploads\/2024\/05\/MUSEEDDAY-OMAHA-768x402.png 768w, https:\/\/bernard-dargols.com\/wp-content\/uploads\/2024\/05\/MUSEEDDAY-OMAHA.png 1200w\" sizes=\"(max-width: 1024px) 100vw, 1024px\" \/><\/figure>\n\n\n\n<h4 class=\"wp-block-heading\">Signature &#8211; 4 juin 2024 \u00e0 Colleville<\/h4>\n\n\n\n<figure class=\"wp-block-image\"><img loading=\"lazy\" decoding=\"async\" width=\"1024\" height=\"536\" src=\"https:\/\/bernard-dargols.com\/wp-content\/uploads\/2024\/05\/Rencontre-Livre-OverlordMuseum-1024x536.png\" alt=\"\" class=\"wp-image-270\" srcset=\"https:\/\/bernard-dargols.com\/wp-content\/uploads\/2024\/05\/Rencontre-Livre-OverlordMuseum-1024x536.png 1024w, https:\/\/bernard-dargols.com\/wp-content\/uploads\/2024\/05\/Rencontre-Livre-OverlordMuseum-300x157.png 300w, https:\/\/bernard-dargols.com\/wp-content\/uploads\/2024\/05\/Rencontre-Livre-OverlordMuseum-768x402.png 768w, https:\/\/bernard-dargols.com\/wp-content\/uploads\/2024\/05\/Rencontre-Livre-OverlordMuseum.png 1200w\" sizes=\"(max-width: 1024px) 100vw, 1024px\" \/><\/figure>\n\n\n\n<h4 class=\"wp-block-heading\">27 mai 2024 sur France 3<\/h4>\n\n\n\n<div class=\"wp-block-image\"><figure class=\"aligncenter\"><img loading=\"lazy\" decoding=\"async\" width=\"449\" height=\"640\" src=\"https:\/\/bernard-dargols.com\/wp-content\/uploads\/2024\/05\/FILM-France3.jpeg\" alt=\"\" class=\"wp-image-272\" srcset=\"https:\/\/bernard-dargols.com\/wp-content\/uploads\/2024\/05\/FILM-France3.jpeg 449w, https:\/\/bernard-dargols.com\/wp-content\/uploads\/2024\/05\/FILM-France3-210x300.jpeg 210w\" sizes=\"(max-width: 449px) 100vw, 449px\" \/><\/figure><\/div>\n\n\n\n<h4 class=\"wp-block-heading\">Signature &#8211; 26 mai 2024 \u00e0 Caen<\/h4>\n\n\n\n<figure class=\"wp-block-image\"><img loading=\"lazy\" decoding=\"async\" width=\"1024\" height=\"536\" src=\"https:\/\/bernard-dargols.com\/wp-content\/uploads\/2024\/05\/httpscaen.fractualitefestival-et-salon-du-livre-epoque-2024-1024x536.png\" alt=\"\" class=\"wp-image-269\" srcset=\"https:\/\/bernard-dargols.com\/wp-content\/uploads\/2024\/05\/httpscaen.fractualitefestival-et-salon-du-livre-epoque-2024-1024x536.png 1024w, https:\/\/bernard-dargols.com\/wp-content\/uploads\/2024\/05\/httpscaen.fractualitefestival-et-salon-du-livre-epoque-2024-300x157.png 300w, https:\/\/bernard-dargols.com\/wp-content\/uploads\/2024\/05\/httpscaen.fractualitefestival-et-salon-du-livre-epoque-2024-768x402.png 768w, https:\/\/bernard-dargols.com\/wp-content\/uploads\/2024\/05\/httpscaen.fractualitefestival-et-salon-du-livre-epoque-2024.png 1200w\" sizes=\"(max-width: 1024px) 100vw, 1024px\" \/><\/figure>\n\n\n\n<p><\/p>\n\n\n\n<p><strong>2018<\/strong><\/p>\n\n\n\n<p><strong>Rendez-vous au Mus\u00e9e Overlord de Colleville le samedi 2 juin 2018 pour une signature en pr\u00e9sence de Caroline Jolivet et Bernard Dargols \u00e0 l\u2019occasion de la version anglaise du livre.<\/strong><\/p>\n\n\n\n<figure class=\"wp-block-image\"><img loading=\"lazy\" decoding=\"async\" width=\"1024\" height=\"768\" src=\"http:\/\/bernard-dargols.com\/wp-content\/uploads\/2020\/10\/64848356_1159056294218346_2208860581790744576_o-1024x768.jpg\" alt=\"\" class=\"wp-image-60\" srcset=\"https:\/\/bernard-dargols.com\/wp-content\/uploads\/2020\/10\/64848356_1159056294218346_2208860581790744576_o-1024x768.jpg 1024w, https:\/\/bernard-dargols.com\/wp-content\/uploads\/2020\/10\/64848356_1159056294218346_2208860581790744576_o-300x225.jpg 300w, https:\/\/bernard-dargols.com\/wp-content\/uploads\/2020\/10\/64848356_1159056294218346_2208860581790744576_o-768x576.jpg 768w, https:\/\/bernard-dargols.com\/wp-content\/uploads\/2020\/10\/64848356_1159056294218346_2208860581790744576_o.jpg 2048w\" sizes=\"(max-width: 1024px) 100vw, 1024px\" \/><\/figure>\n\n\n\n<hr class=\"wp-block-separator\"\/>\n\n\n\n<p><strong>22 mars 2014 14h30-16h30 :&nbsp;<\/strong>Salon du livre de Paris. Rencontre avec Bernard Dargols et Caroline Jolivet sur le stand de l\u2019Ambassade des Etats-Unis (T68)<\/p>\n\n\n\n<p><strong>16 octobre 18h30-20h :&nbsp;Conf\u00e9rence \/ d\u00e9dicace \u00e0 la librairie \u00ab&nbsp;Les mots en marge&nbsp;\u00bb, 92250 La Garenne-Colombes<\/strong><\/p>\n\n\n\n<p><strong>6 juin : Bernard Dargols participera aux c\u00e9r\u00e9monies officielles \u00e0 Colleville et Ouistreham.<\/strong><\/p>\n\n\n\n<blockquote class=\"wp-block-quote is-layout-flow wp-block-quote-is-layout-flow\"><p><strong>4 juin 2014<\/strong>&nbsp;<strong>18h<\/strong>&nbsp;: Conf\u00e9rence \/ d\u00e9dicaces \u00e0 Saint-Honorine-des-pertes avec l\u2019association DDay-Overlord (entr\u00e9e libre sous r\u00e9serve de places disponibles)<\/p><\/blockquote>\n\n\n\n<p><strong>3 juin 2014 14h<\/strong>&nbsp;: C\u00e9r\u00e9monie&nbsp;\u00ab&nbsp;70 voix de la Libert\u00e9&nbsp;\u00bb au Z\u00e9nith de Caen<\/p>\n\n\n\n<p><strong>2 juin 2014 11h30<\/strong>&nbsp;: Inauguration de l\u2019Arbre de la Libert\u00e9 \u00e0 Utah Beach<\/p>\n\n\n\n<p><strong>24 mai 2014 10h30 :<\/strong>&nbsp;D\u00e9dicace \u00e0 la Maison de la presse d\u2019Isigny<\/p>\n\n\n\n<p><strong>5 mai 2014<\/strong>&nbsp;: Conf\u00e9rence \/ d\u00e9dicace au M\u00e9morial de Caen \u00e0 18h. \u00ab&nbsp;Venez rencontrer Bernard Dargols, le GI qui a inspir\u00e9 le personnage fictif de Louis Castel&nbsp;\u00bb. Entr\u00e9e libre.<\/p>\n\n\n\n<p><strong>8 avril&nbsp;2013<\/strong>&nbsp;:&nbsp;Caroline Jolivet et Bernard Dargols seront les invit\u00e9s du \u00ab&nbsp;caf\u00e9-d\u00e9bat&nbsp;\u00bb de la LICRA \u00e0 partir de 19h au Caf\u00e9 du Pont neuf, 75001 Paris.<\/p>\n\n\n\n<p><strong>18 octobre 2012<\/strong>&nbsp;: Conf\u00e9rence \/ d\u00e9dicace \u00e0 Bayeux (avec l\u2019AVF)<\/p>\n\n\n\n<p><strong>4 ao\u00fbt 2012<\/strong>&nbsp;: Salon du livre de Granville<\/p>\n\n\n\n<p><strong>21 juillet 2012<\/strong>&nbsp;: Maison de la presse d\u2019Isigny.&nbsp;S\u00e9ance de d\u00e9dicaces<\/p>\n\n\n\n<p><strong>6 juin 2012 : M\u00e9morial de Caen<\/strong>&nbsp;Bernard Dargols et Caroline Jolivet seront en conf\u00e9rence au M\u00e9morial de Caen \u00e0 partir de 18h. La conf\u00e9rence sera suivie d\u2019une s\u00e9ance de d\u00e9dicaces.&nbsp;<a href=\"http:\/\/www.memorial-caen.fr\/portail\/index.php?option=com_content&amp;view=category&amp;layout=blog&amp;id=153&amp;Itemid=1869\">En savoir plus<\/a><\/p>\n\n\n\n<p><strong>13 mai 2012 : Salon du livre de Caen<\/strong>&nbsp;Ch\u00e2teau de Caen<\/p>\n\n\n\n<p><strong>12 avril 2012 : 10\u00e8me Festival du Livre de Tr\u00e9vi\u00e8res<\/strong><br>Organis\u00e9e par l\u2019association Marais Page<\/p>\n","protected":false},"excerpt":{"rendered":"<p class=\"excerpt\">Signature &#8211; 7 juin 2024 Signature &#8211; 4 juin 2024 \u00e0 Colleville 27 mai 2024 sur France 3 Signature &#8211; 26 mai 2024 \u00e0 Caen 2018 Rendez-vous au Mus\u00e9e Overlord de Colleville le samedi 2 juin 2018 pour une signature en pr\u00e9sence de Caroline Jolivet et Bernard Dargols \u00e0 l\u2019occasion de la version anglaise du livre. 22 mars 2014 14h30-16h30&hellip;<\/p>\n<p class=\"more-link-p\"><a class=\"btn btn-default\" href=\"https:\/\/bernard-dargols.com\/index.php\/rencontres-signatures\/\">Read more<\/a><\/p>\n","protected":false},"author":1,"featured_media":0,"parent":0,"menu_order":0,"comment_status":"closed","ping_status":"closed","template":"","meta":{"footnotes":""},"_links":{"self":[{"href":"https:\/\/bernard-dargols.com\/index.php\/wp-json\/wp\/v2\/pages\/33"}],"collection":[{"href":"https:\/\/bernard-dargols.com\/index.php\/wp-json\/wp\/v2\/pages"}],"about":[{"href":"https:\/\/bernard-dargols.com\/index.php\/wp-json\/wp\/v2\/types\/page"}],"author":[{"embeddable":true,"href":"https:\/\/bernard-dargols.com\/index.php\/wp-json\/wp\/v2\/users\/1"}],"replies":[{"embeddable":true,"href":"https:\/\/bernard-dargols.com\/index.php\/wp-json\/wp\/v2\/comments?post=33"}],"version-history":[{"count":4,"href":"https:\/\/bernard-dargols.com\/index.php\/wp-json\/wp\/v2\/pages\/33\/revisions"}],"predecessor-version":[{"id":277,"href":"https:\/\/bernard-dargols.com\/index.php\/wp-json\/wp\/v2\/pages\/33\/revisions\/277"}],"wp:attachment":[{"href":"https:\/\/bernard-dargols.com\/index.php\/wp-json\/wp\/v2\/media?parent=33"}],"curies":[{"name":"wp","href":"https:\/\/api.w.org\/{rel}","templated":true}]}}