{"id":8,"date":"2020-10-11T10:21:24","date_gmt":"2020-10-11T08:21:24","guid":{"rendered":"http:\/\/bernard-dargols.com\/?page_id=8"},"modified":"2024-05-24T08:14:28","modified_gmt":"2024-05-24T06:14:28","slug":"le-livre","status":"publish","type":"page","link":"https:\/\/bernard-dargols.com\/index.php\/le-livre\/","title":{"rendered":"Le livre"},"content":{"rendered":"\n<h3 class=\"wp-block-heading\"><strong><em><a href=\"https:\/\/www.orepeditions.com\/fr\/a-paraitre\/1323-bernard-dargols-un-gi-francais-a-omaha-beach-9782815109581.html\">Bernard Dargols, un GI fran\u00e7ais d\u2019Omaha Beach&nbsp;<\/a><\/em><\/strong><\/h3>\n\n\n\n<p><strong>Caroline&nbsp;Jolivet,&nbsp;OREP&nbsp;Editions&nbsp;2024<\/strong><\/p>\n\n\n\n<p>Jeune \u00e9tudiant parisien, Bernard Dargols e\ufb00ectue un stage \u00e0 New York lorsque la guerre \u00e9clate en 1939. Sa famille, rest\u00e9e en France, est menac\u00e9e par les lois antis\u00e9mites du r\u00e9gime de Vichy. Bernard Dargols d\u00e9cide alors de s\u2019engager dans l\u2019arm\u00e9e am\u00e9ricaine, convaincu qu\u2019il y sera plus utile pour combattre les forces d\u2019occupation.<\/p>\n\n\n\n<p>Devenu GI de la Military Intelligence Service apr\u00e8s un long entra\u00eenement militaire, il d\u00e9barque en juin 1944 sur la plage<br>d\u2019Omaha la sanglante, et sert au sein des renseignements militaires de la 2 e Division d\u2019infanterie US. Il participe \u00e0 la lib\u00e9ration de la Normandie, de la Bretagne et des Ardennes, avant de devenir membre du CIC, le service du contre-espionnage am\u00e9ricain, et d\u2019\u00eatre d\u00e9mobilis\u00e9 en 1946.<\/p>\n\n\n\n<p><em><strong>C\u2019est ce t\u00e9moignage exceptionnel du \u00ab GI de la place des Vosges \u00bb, que livre&nbsp;ici Caroline Jolivet, sa petite-\ufb01lle.<\/strong><\/em><\/p>\n\n\n\n<p><br><\/p>\n\n\n\n<figure class=\"wp-block-image\"><img loading=\"lazy\" decoding=\"async\" width=\"690\" height=\"1024\" src=\"http:\/\/bernard-dargols.com\/wp-content\/uploads\/2024\/05\/Bernard-Dargols-COUV-240404_page-0001-1-1-690x1024.jpg\" alt=\"\" class=\"wp-image-255\" srcset=\"https:\/\/bernard-dargols.com\/wp-content\/uploads\/2024\/05\/Bernard-Dargols-COUV-240404_page-0001-1-1-690x1024.jpg 690w, https:\/\/bernard-dargols.com\/wp-content\/uploads\/2024\/05\/Bernard-Dargols-COUV-240404_page-0001-1-1-202x300.jpg 202w, https:\/\/bernard-dargols.com\/wp-content\/uploads\/2024\/05\/Bernard-Dargols-COUV-240404_page-0001-1-1-768x1140.jpg 768w, https:\/\/bernard-dargols.com\/wp-content\/uploads\/2024\/05\/Bernard-Dargols-COUV-240404_page-0001-1-1.jpg 1830w\" sizes=\"(max-width: 690px) 100vw, 690px\" \/><\/figure>\n\n\n\n<p><a href=\"https:\/\/www.orepeditions.com\/fr\/a-paraitre\/1323-bernard-dargols-un-gi-francais-a-omaha-beach-9782815109581.html\">https:\/\/www.orepeditions.com\/fr\/a-paraitre\/1323-bernard-dargols-un-gi-francais-a-omaha-beach-9782815109581.html<\/a><\/p>\n\n\n\n<p><strong>English version of the book : <\/strong><\/p>\n\n\n\n<p><strong>https:\/\/buy.stripe.com\/6oE6sh1Zi1IxckE8wA<\/strong><\/p>\n\n\n\n<p><\/p>\n\n\n\n<h2 class=\"wp-block-heading\"><\/h2>\n\n\n\n<h2 class=\"wp-block-heading\"><strong>A propos de l&#8217;auteur<\/strong><\/h2>\n\n\n\n<blockquote class=\"wp-block-quote is-style-large is-layout-flow wp-block-quote-is-layout-flow\"><p><\/p><p>Lorsque pour la premi\u00e8re fois son grand-p\u00e8re \u00e9voque son parcours militaire devant elle, Caroline Jolivet a 25 ans, Bernard Dargols en a 84. \u00ab&nbsp;Nous savions qu\u2019il avait \u00e9t\u00e9 GI et qu\u2019il avait d\u00e9barqu\u00e9 \u00e0 Omaha Beach mais quasiment rien d\u2019autres. Nous avions toujours respect\u00e9 le silence autour d\u2019un sujet qui semblait trop&nbsp;sensible. Je me suis autoris\u00e9e \u00e0 lui poser des questions lorsque pour la premi\u00e8re fois en 2004 il a parl\u00e9 devant moi de son histoire. Je ne me suis plus arr\u00eat\u00e9e. &nbsp;Devant le nombre d\u2019anecdotes qu\u2019il me racontait, j\u2019ai ressenti le besoin de laisser une trace au d\u00e9part uniquement destin\u00e9e \u00e0 notre cercle familial. Je me suis rapidement pos\u00e9e la question de ce que j\u2019aurais fait \u00e0 sa place alors que j\u2019avais d\u00e9j\u00e0 d\u00e9pass\u00e9 l\u2019\u00e2ge qu\u2019il avait lorsqu\u2019il a d\u00e9barqu\u00e9 sur Omaha beach. Aurais-je eu le dixi\u00e8me de son courage ?&nbsp;\u00bb<\/p><\/blockquote>\n\n\n\n<p>De longues heures d\u2019interviews, un travail de recherche et la d\u00e9couverte de dizaines de lettres datant de 1944&nbsp;ont permis \u00e0 Caroline Jolivet de reconstituer l\u2019histoire peu ordinaire de son grand-p\u00e8re Bernard Dargols. Caroline&nbsp;\u00e9crit \u00e9galement des histoires pour enfants.<\/p>\n\n\n\n<p><\/p>\n\n\n\n<h2 class=\"wp-block-heading\"><strong>Extrait de l\u2019avant-propos&nbsp;<\/strong><\/h2>\n\n\n\n<p><em>Si je retrace le parcours de mon grand-p\u00e8re dans ce livre, c\u2019est avant tout son message que j\u2019esp\u00e8re porter haut et fort. En me transmettant son histoire, ses anecdotes, en r\u00e9pondant \u00e0 mes innombrables questions, c\u2019est son devoir de m\u00e9moire qu\u2019il m\u2019a transmis. Une histoire qui d\u00e9passe le cadre familial.<br>Au moment o\u00f9 je devenais m\u00e8re de famille, ma grand-m\u00e8re m\u2019a ouvert la voie : elle qui regrette de ne pas avoir suffisamment interrog\u00e9 ses propres parents. Pour moi, il n\u2019\u00e9tait pas trop tard et je mesure la chance que j\u2019ai d\u2019avoir pu recueillir le t\u00e9moignage de mon grand-p\u00e8re, acteur d\u2019un des \u00e9v\u00e9nements les plus marquants du XXe si\u00e8cle.<br>Lorsque l\u2019occasion se pr\u00e9sente en 2005, j\u2019accompagne mes grands-parents l\u00e0 o\u00f9 tout a commenc\u00e9 pour eux, une petite cam\u00e9ra \u00e0 la main. \u00c0 New York, ils m\u2019emm\u00e8nent, l\u00e0 o\u00f9 ils se sont rencontr\u00e9s, l\u00e0 o\u00f9 ils ont habit\u00e9, l\u00e0 o\u00f9 ils se sont mari\u00e9s. Mais, pour aborder le sujet du d\u00e9barquement de mon grand-p\u00e8re \u00e0 Omaha Beach en 1944, il me faudra encore attendre. Pas facile de percer les secrets bien conserv\u00e9s de celui qui pr\u00e9f\u00e9ra les enfouir pour mieux nous en pr\u00e9server pendant de longues ann\u00e9es.<br>C\u2019est par le cin\u00e9ma que mes grands-parents nous ont livr\u00e9 leur pass\u00e9. Tel un c\u00e9r\u00e9monial familial, mes parents et mes grands-parents nous emm\u00e8nent, mon fr\u00e8re a\u00een\u00e9 Romain et moi, au cin\u00e9ma voir Europa, Europa, La Liste de Schindler, Il faut sauver le soldat Ryan. \u00c0 propos de ce dernier film, mon grand-p\u00e8re, habituellement si dou\u00e9 pour masquer son \u00e9motion par des blagues, laisse \u00e9chapper quelques larmes qui nous bouleversent. Il nous dit : \u00abJe n\u2019ai jamais vu un film aussi fid\u00e8le \u00e0 ce que j\u2019ai v\u00e9cu.\u00bb Pour la premi\u00e8re fois, nous commen\u00e7ons \u00e0 comprendre. Qui de mieux que Tom Hanks pour prendre connaissance de son histoire ?<br>Sous son masque rieur, mon grand-p\u00e8re, \u00abDaddy\u00bb, est le mod\u00e8le que l\u2019on veut suivre, un homme tourn\u00e9 vers les autres avant de s\u2019int\u00e9resser \u00e0 lui-m\u00eame. Comment serait la vie aujourd\u2019hui si, ce jour-l\u00e0 de juin 1944, ses copains et lui n\u2019avaient pas fait preuve d\u2019un tel h\u00e9ro\u00efsme et, pour nombre d\u2019entre eux, sacrifi\u00e9 leur vie pour nous offrir notre libert\u00e9 ?<br>D\u00e9crypter son histoire, c\u2019est lire entre ses multiples plaisanteries : une armure de blagues qu\u2019il s\u2019est forg\u00e9e afin de d\u00e9dramatiser une r\u00e9alit\u00e9 douloureuse, une \u00e9preuve qui le marquera \u00e0 jamais. Alors que j\u2019ai d\u00e9pass\u00e9 l\u2019\u00e2ge qu\u2019il avait lorsqu\u2019il s\u2019est engag\u00e9 dans l\u2019arm\u00e9e am\u00e9ricaine, je me demande si j\u2019aurais eu le courage dont il a fait preuve pour surmonter sa peur. Lui, qui \u00e0 91 ans participe encore \u00e0 des manifestations pour se lever contre les extr\u00e9mismes de toutes sortes et pour d\u00e9fendre les causes auxquelles il croit. Il m\u2019alerte fr\u00e9quemment : \u00ab\u00c7a peut recommencer. Soyons vigilants \u00e0 tout instant. Les horreurs de la guerre ont \u00e9t\u00e9 perp\u00e9tr\u00e9es par des gens instruits, qui ont \u00e9t\u00e9 volontaires pour les commettre.\u00bb<\/em><\/p>\n\n\n\n<p><\/p>\n\n\n\n<p><br><\/p>\n\n\n\n<p><strong>Pour commander un exemplaire :<\/strong><\/p>\n\n\n\n<p style=\"text-align:center\"><\/p>\n\n\n\n<figure class=\"wp-block-embed is-type-rich is-provider-amazon\"><div class=\"wp-block-embed__wrapper\">\n<iframe loading=\"lazy\" title=\"Bernard Dargols, un GI fran\u00e7ais \u00e0 Omaha Beach\" type=\"text\/html\" width=\"631\" height=\"550\" frameborder=\"0\" allowfullscreen style=\"max-width:100%\" src=\"https:\/\/lire.amazon.fr\/kp\/card?preview=inline&#038;linkCode=kpd&#038;ref_=k4w_oembed_zsbaENnUvbkb0R&#038;asin=273735725X&#038;tag=kpembed-20\"><\/iframe>\n<\/div><\/figure>\n\n\n\n<p><a href=\"http:\/\/livre.fnac.com\/a4035994\/Caroline-Jolivet-Bernard-Dargols-un-GI-francais-a-Omaha-Beach\">http:\/\/livre.fnac.com\/a4035994\/Caroline-Jolivet-Bernard-Dargols-un-GI-francais-a-Omaha-Beach<\/a><\/p>\n\n\n\n<p>Sur le web :<\/p>\n\n\n\n<p><a href=\"http:\/\/www.histoire-pour-tous.fr\/actualite\/55-sorties-livres\/4087-bernard-dargol-un-gi-francais-a-omaha-beach.html\">http:\/\/www.histoire-pour-tous.fr\/actualite\/55-sorties-livres\/4087-bernard-dargol-un-gi-francais-a-omaha-beach.html<\/a><\/p>\n\n\n\n<p><a href=\"http:\/\/lagarenne-colombesretourdebuzz.blogspot.fr\/2012\/04\/un-garennois-extra-ordinaire-bernard.html\">http:\/\/lagarenne-colombesretourdebuzz.blogspot.fr\/2012\/04\/un-garennois-extra-ordinaire-bernard.html<\/a><\/p>\n\n\n\n<p><a href=\"http:\/\/saintlaurentsurmer.free.fr\/spip.php?article175\">http:\/\/saintlaurentsurmer.free.fr\/spip.php?article175<\/a><\/p>\n\n\n\n<p><a href=\"http:\/\/www.passiondulivre.com\/livre-117470-bernard-dargols-un-gi-francais-a-omaha-beach.htm\">http:\/\/www.passiondulivre.com\/livre-117470-bernard-dargols-un-gi-francais-a-omaha-beach.htm<\/a><\/p>\n","protected":false},"excerpt":{"rendered":"<p class=\"excerpt\">Bernard Dargols, un GI fran\u00e7ais d\u2019Omaha Beach&nbsp; Caroline&nbsp;Jolivet,&nbsp;OREP&nbsp;Editions&nbsp;2024 Jeune \u00e9tudiant parisien, Bernard Dargols e\ufb00ectue un stage \u00e0 New York lorsque la guerre \u00e9clate en 1939. Sa famille, rest\u00e9e en France, est menac\u00e9e par les lois antis\u00e9mites du r\u00e9gime de Vichy. Bernard Dargols d\u00e9cide alors de s\u2019engager dans l\u2019arm\u00e9e am\u00e9ricaine, convaincu qu\u2019il y sera plus utile pour combattre les forces d\u2019occupation.&hellip;<\/p>\n<p class=\"more-link-p\"><a class=\"btn btn-default\" href=\"https:\/\/bernard-dargols.com\/index.php\/le-livre\/\">Read more<\/a><\/p>\n","protected":false},"author":1,"featured_media":62,"parent":0,"menu_order":0,"comment_status":"closed","ping_status":"closed","template":"","meta":{"footnotes":""},"_links":{"self":[{"href":"https:\/\/bernard-dargols.com\/index.php\/wp-json\/wp\/v2\/pages\/8"}],"collection":[{"href":"https:\/\/bernard-dargols.com\/index.php\/wp-json\/wp\/v2\/pages"}],"about":[{"href":"https:\/\/bernard-dargols.com\/index.php\/wp-json\/wp\/v2\/types\/page"}],"author":[{"embeddable":true,"href":"https:\/\/bernard-dargols.com\/index.php\/wp-json\/wp\/v2\/users\/1"}],"replies":[{"embeddable":true,"href":"https:\/\/bernard-dargols.com\/index.php\/wp-json\/wp\/v2\/comments?post=8"}],"version-history":[{"count":17,"href":"https:\/\/bernard-dargols.com\/index.php\/wp-json\/wp\/v2\/pages\/8\/revisions"}],"predecessor-version":[{"id":261,"href":"https:\/\/bernard-dargols.com\/index.php\/wp-json\/wp\/v2\/pages\/8\/revisions\/261"}],"wp:featuredmedia":[{"embeddable":true,"href":"https:\/\/bernard-dargols.com\/index.php\/wp-json\/wp\/v2\/media\/62"}],"wp:attachment":[{"href":"https:\/\/bernard-dargols.com\/index.php\/wp-json\/wp\/v2\/media?parent=8"}],"curies":[{"name":"wp","href":"https:\/\/api.w.org\/{rel}","templated":true}]}}